{"id":16,"date":"2015-08-06T22:44:22","date_gmt":"2015-08-06T22:44:22","guid":{"rendered":"http:\/\/algoritmos.victorgarro.com\/?page_id=16"},"modified":"2016-03-08T17:36:09","modified_gmt":"2016-03-08T17:36:09","slug":"arboles","status":"publish","type":"page","link":"https:\/\/algoritmos.victorgarro.com\/index.php\/arboles\/","title":{"rendered":"Arboles"},"content":{"rendered":"<p>Conceptos generales y terminolog\u00eda, tipo de \u00e1rbol binario, sus propiedades, recorridos y representaci\u00f3n. Casos particulares de \u00e1rboles, binario de b\u00fasqueda, AVL y Btree<\/p>\n<p><a href=\"http:\/\/algoritmos.victorgarro.com\/arboles\/Arboles1.htm\" target=\"_blank\">\u00c1rboles (Introducci\u00f3n \u00c1rboles)<\/a><\/p>\n<p><a href=\"http:\/\/algoritmos.victorgarro.com\/arboles\/Arboles2.htm\" target=\"_blank\">\u00c1rboles (\u00c1rboles Binarios)<\/a><\/p>\n<p><a href=\"http:\/\/algoritmos.victorgarro.com\/arboles\/Arboles3.htm\" target=\"_blank\">\u00c1rboles (Tipo de Recorridos sobre \u00c1rboles)<\/a><\/p>\n<p><a href=\"http:\/\/algoritmos.victorgarro.com\/arboles\/Arboles4.htm\" target=\"_blank\">\u00c1rboles (\u00c1rboles AVL)<\/a><\/p>\n<p><a href=\"http:\/\/algoritmos.victorgarro.com\/arboles\/Arboles5.htm\" target=\"_blank\">\u00c1rboles (\u00c1rboles BTREE)<\/a><\/p>\n<p>Documento Complementario:\u00a0<a href=\"http:\/\/algoritmos.victorgarro.com\/arboles\/-arboles.htm\" target=\"_blank\">\u00c1rboles<\/a><\/p>\n<p>Documento Complementario:\u00a0<a href=\"http:\/\/algoritmos.victorgarro.com\/arboles\/rep_conjuntos1.htm\" target=\"_blank\">M\u00e9todos Avanzados de Representaci\u00f3n de Conjuntos<\/a><\/p>\n","protected":false},"excerpt":{"rendered":"<p>Conceptos generales y terminolog\u00eda, tipo de \u00e1rbol binario, sus propiedades, recorridos y representaci\u00f3n. Casos particulares de \u00e1rboles, binario de b\u00fasqueda, AVL y Btree \u00c1rboles (Introducci\u00f3n \u00c1rboles) \u00c1rboles (\u00c1rboles Binarios) \u00c1rboles (Tipo de Recorridos sobre \u00c1rboles) \u00c1rboles (\u00c1rboles AVL) \u00c1rboles (\u00c1rboles BTREE) Documento Complementario:\u00a0\u00c1rboles Documento Complementario:\u00a0M\u00e9todos Avanzados de Representaci\u00f3n de Conjuntos<a class=\"more-link\" href=\"https:\/\/algoritmos.victorgarro.com\/index.php\/arboles\/\">Read More &rarr;<\/a><\/p>\n","protected":false},"author":2,"featured_media":0,"parent":0,"menu_order":0,"comment_status":"closed","ping_status":"closed","template":"","meta":{"footnotes":""},"class_list":["entry","page","publish","author-vgarro","post-16"],"_links":{"self":[{"href":"https:\/\/algoritmos.victorgarro.com\/index.php\/wp-json\/wp\/v2\/pages\/16","targetHints":{"allow":["GET"]}}],"collection":[{"href":"https:\/\/algoritmos.victorgarro.com\/index.php\/wp-json\/wp\/v2\/pages"}],"about":[{"href":"https:\/\/algoritmos.victorgarro.com\/index.php\/wp-json\/wp\/v2\/types\/page"}],"author":[{"embeddable":true,"href":"https:\/\/algoritmos.victorgarro.com\/index.php\/wp-json\/wp\/v2\/users\/2"}],"replies":[{"embeddable":true,"href":"https:\/\/algoritmos.victorgarro.com\/index.php\/wp-json\/wp\/v2\/comments?post=16"}],"version-history":[{"count":4,"href":"https:\/\/algoritmos.victorgarro.com\/index.php\/wp-json\/wp\/v2\/pages\/16\/revisions"}],"predecessor-version":[{"id":256,"href":"https:\/\/algoritmos.victorgarro.com\/index.php\/wp-json\/wp\/v2\/pages\/16\/revisions\/256"}],"wp:attachment":[{"href":"https:\/\/algoritmos.victorgarro.com\/index.php\/wp-json\/wp\/v2\/media?parent=16"}],"curies":[{"name":"wp","href":"https:\/\/api.w.org\/{rel}","templated":true}]}}