{"id":18,"date":"2015-08-06T22:45:26","date_gmt":"2015-08-06T22:45:26","guid":{"rendered":"http:\/\/algoritmos.victorgarro.com\/?page_id=18"},"modified":"2016-03-08T17:45:07","modified_gmt":"2016-03-08T17:45:07","slug":"recursion","status":"publish","type":"page","link":"https:\/\/algoritmos.victorgarro.com\/index.php\/recursion\/","title":{"rendered":"Recursi\u00f3n"},"content":{"rendered":"<p>Conceptos generales, programaci\u00f3n en m\u00f3dulos recursivos<\/p>\n<p><a href=\"http:\/\/algoritmos.victorgarro.com\/recursion\/Recursion1.htm\" target=\"_blank\">Recursi\u00f3n (Conceptos de Recursi\u00f3n)<\/a><\/p>\n<p><a href=\"http:\/\/algoritmos.victorgarro.com\/recursion\/Recursion2.htm\" target=\"_blank\">Recursi\u00f3n(Estructuras Auto Referenciadas)<\/a><\/p>\n<p><a href=\"http:\/\/algoritmos.victorgarro.com\/recursion\/Recursion3.htm\" target=\"_blank\">Recursi\u00f3n (Buscar Elemento)<\/a><\/p>\n<p>Documento Complementario:\u00a0<a href=\"http:\/\/algoritmos.victorgarro.com\/recursion\/dsld001.htm\" target=\"_blank\">Programaci\u00f3n Din\u00e1mica<\/a><\/p>\n<p>Documento Complementario:\u00a0<a href=\"http:\/\/algoritmos.victorgarro.com\/recursion\/sld001.htm\" target=\"_blank\">An\u00e1lisis de Algortimos<\/a><\/p>\n","protected":false},"excerpt":{"rendered":"<p>Conceptos generales, programaci\u00f3n en m\u00f3dulos recursivos Recursi\u00f3n (Conceptos de Recursi\u00f3n) Recursi\u00f3n(Estructuras Auto Referenciadas) Recursi\u00f3n (Buscar Elemento) Documento Complementario:\u00a0Programaci\u00f3n Din\u00e1mica Documento Complementario:\u00a0An\u00e1lisis de Algortimos<a class=\"more-link\" href=\"https:\/\/algoritmos.victorgarro.com\/index.php\/recursion\/\">Read More &rarr;<\/a><\/p>\n","protected":false},"author":2,"featured_media":0,"parent":0,"menu_order":0,"comment_status":"closed","ping_status":"closed","template":"","meta":{"footnotes":""},"class_list":["entry","page","publish","author-vgarro","post-18"],"_links":{"self":[{"href":"https:\/\/algoritmos.victorgarro.com\/index.php\/wp-json\/wp\/v2\/pages\/18","targetHints":{"allow":["GET"]}}],"collection":[{"href":"https:\/\/algoritmos.victorgarro.com\/index.php\/wp-json\/wp\/v2\/pages"}],"about":[{"href":"https:\/\/algoritmos.victorgarro.com\/index.php\/wp-json\/wp\/v2\/types\/page"}],"author":[{"embeddable":true,"href":"https:\/\/algoritmos.victorgarro.com\/index.php\/wp-json\/wp\/v2\/users\/2"}],"replies":[{"embeddable":true,"href":"https:\/\/algoritmos.victorgarro.com\/index.php\/wp-json\/wp\/v2\/comments?post=18"}],"version-history":[{"count":3,"href":"https:\/\/algoritmos.victorgarro.com\/index.php\/wp-json\/wp\/v2\/pages\/18\/revisions"}],"predecessor-version":[{"id":160,"href":"https:\/\/algoritmos.victorgarro.com\/index.php\/wp-json\/wp\/v2\/pages\/18\/revisions\/160"}],"wp:attachment":[{"href":"https:\/\/algoritmos.victorgarro.com\/index.php\/wp-json\/wp\/v2\/media?parent=18"}],"curies":[{"name":"wp","href":"https:\/\/api.w.org\/{rel}","templated":true}]}}