{"id":20,"date":"2015-08-06T22:47:44","date_gmt":"2015-08-06T22:47:44","guid":{"rendered":"http:\/\/algoritmos.victorgarro.com\/?page_id=20"},"modified":"2016-03-08T17:44:00","modified_gmt":"2016-03-08T17:44:00","slug":"ordenamientos","status":"publish","type":"page","link":"https:\/\/algoritmos.victorgarro.com\/index.php\/ordenamientos\/","title":{"rendered":"Ordenamientos"},"content":{"rendered":"<p>Conceptos generales, m\u00e9todos basados en intercambios, m\u00e9todos basados en intercambios, m\u00e9todos de selecci\u00f3n y de \u00e1rbol y m\u00e9todos basados en inserci\u00f3n<\/p>\n<p><a href=\"http:\/\/algoritmos.victorgarro.com\/ordenamientos\/Ordenamiento1.htm\" target=\"_blank\">Ordenamientos (Concepto de ordenamiento)<\/a><\/p>\n<p><a href=\"http:\/\/algoritmos.victorgarro.com\/ordenamientos\/Ordenamiento2.htm\" target=\"_blank\">Ordenamientos (Algoritmos m\u00e1s Comunes)<\/a><\/p>\n<p><a href=\"http:\/\/algoritmos.victorgarro.com\/ordenamientos\/Ordenamiento3.htm\" target=\"_blank\">Ordenamientos (Ordenamineto Burbuja)<\/a><\/p>\n<p><a href=\"http:\/\/algoritmos.victorgarro.com\/ordenamientos\/Ordenamiento4.htm\" target=\"_blank\">Ordenamientos (Ordenamineto Selecci\u00f3n)<\/a><\/p>\n<p><a href=\"http:\/\/algoritmos.victorgarro.com\/ordenamientos\/Ordenamiento5.htm\" target=\"_blank\">Ordenamientos (Ordenamineto Inserci\u00f3n)<\/a><\/p>\n<p><a href=\"http:\/\/algoritmos.victorgarro.com\/ordenamientos\/Ordenamiento6.htm\" target=\"_blank\">Ordenamientos (Ordenamineto QuickSort)<\/a><\/p>\n<p>Documento Complementario:\u00a0<a href=\"http:\/\/algoritmos.victorgarro.com\/ordenamientos\/sld001.htm\" target=\"_blank\">Divide y Vencer\u00e1s<\/a><\/p>\n<p>Documento Complementario:\u00a0<a href=\"http:\/\/algoritmos.victorgarro.com\/ordenamientos\/Ordenamiento.htm\" target=\"_blank\">Ordenamientos<\/a><\/p>\n","protected":false},"excerpt":{"rendered":"<p>Conceptos generales, m\u00e9todos basados en intercambios, m\u00e9todos basados en intercambios, m\u00e9todos de selecci\u00f3n y de \u00e1rbol y m\u00e9todos basados en inserci\u00f3n Ordenamientos (Concepto de ordenamiento) Ordenamientos (Algoritmos m\u00e1s Comunes) Ordenamientos (Ordenamineto Burbuja) Ordenamientos (Ordenamineto Selecci\u00f3n) Ordenamientos (Ordenamineto Inserci\u00f3n) Ordenamientos (Ordenamineto QuickSort) Documento Complementario:\u00a0Divide y Vencer\u00e1s Documento Complementario:\u00a0Ordenamientos<a class=\"more-link\" href=\"https:\/\/algoritmos.victorgarro.com\/index.php\/ordenamientos\/\">Read More &rarr;<\/a><\/p>\n","protected":false},"author":2,"featured_media":0,"parent":0,"menu_order":0,"comment_status":"closed","ping_status":"closed","template":"","meta":{"footnotes":""},"class_list":["entry","page","publish","author-vgarro","post-20"],"_links":{"self":[{"href":"https:\/\/algoritmos.victorgarro.com\/index.php\/wp-json\/wp\/v2\/pages\/20","targetHints":{"allow":["GET"]}}],"collection":[{"href":"https:\/\/algoritmos.victorgarro.com\/index.php\/wp-json\/wp\/v2\/pages"}],"about":[{"href":"https:\/\/algoritmos.victorgarro.com\/index.php\/wp-json\/wp\/v2\/types\/page"}],"author":[{"embeddable":true,"href":"https:\/\/algoritmos.victorgarro.com\/index.php\/wp-json\/wp\/v2\/users\/2"}],"replies":[{"embeddable":true,"href":"https:\/\/algoritmos.victorgarro.com\/index.php\/wp-json\/wp\/v2\/comments?post=20"}],"version-history":[{"count":6,"href":"https:\/\/algoritmos.victorgarro.com\/index.php\/wp-json\/wp\/v2\/pages\/20\/revisions"}],"predecessor-version":[{"id":158,"href":"https:\/\/algoritmos.victorgarro.com\/index.php\/wp-json\/wp\/v2\/pages\/20\/revisions\/158"}],"wp:attachment":[{"href":"https:\/\/algoritmos.victorgarro.com\/index.php\/wp-json\/wp\/v2\/media?parent=20"}],"curies":[{"name":"wp","href":"https:\/\/api.w.org\/{rel}","templated":true}]}}