{"id":213,"date":"2017-11-30T17:49:09","date_gmt":"2017-11-30T17:49:09","guid":{"rendered":"http:\/\/algoritmos.victorgarro.com\/?page_id=213"},"modified":"2023-07-31T20:23:20","modified_gmt":"2023-07-31T20:23:20","slug":"casos-de-laboratorio-isem","status":"publish","type":"page","link":"https:\/\/algoritmos.victorgarro.com\/index.php\/casos-de-laboratorio-isem\/","title":{"rendered":"Casos de Laboratorio II Semestre"},"content":{"rendered":"<table>\n<tbody>\n<tr>\n<td colspan=\"3\" width=\"589\"><strong>Agosto 2018<\/strong><\/td>\n<\/tr>\n<tr>\n<td width=\"196\"><a href=\"http:\/\/algoritmos.victorgarro.com\/verano\/5dic\/Ejemplospython.docx\">Ejemplos Python<\/a><\/td>\n<td width=\"196\"><a href=\"http:\/\/algoritmos.victorgarro.com\/verano\/5dic\/Laboratorio1A.docx\">Laboratorio 1A<\/a><\/td>\n<td width=\"196\"><a href=\"http:\/\/algoritmos.victorgarro.com\/verano\/5dic\/Laboratorio1B.doc\">Laboratorio1B<\/a><\/td>\n<\/tr>\n<tr>\n<td width=\"196\"><a href=\"http:\/\/algoritmos.victorgarro.com\/verano\/5dic\/Teoria.docx\">Teor\u00eda<\/a><\/td>\n<td width=\"196\"><\/td>\n<td width=\"196\"><\/td>\n<\/tr>\n<tr>\n<td colspan=\"3\" width=\"589\"><\/td>\n<\/tr>\n<tr>\n<td width=\"196\"><strong>Agosto\u00a02018<\/strong><\/td>\n<td width=\"196\"><\/td>\n<td width=\"196\"><\/td>\n<\/tr>\n<tr>\n<td width=\"196\"><a href=\"http:\/\/algoritmos.victorgarro.com\/verano\/6dic\/Laboratorio-1B.doc\">Laboratorio 1B<\/a><\/td>\n<td width=\"196\"><a href=\"http:\/\/algoritmos.victorgarro.com\/verano\/6dic\/Teor\u00eda.docx\">Teor\u00eda<\/a><\/td>\n<td width=\"196\"><\/td>\n<\/tr>\n<tr>\n<td colspan=\"3\" width=\"589\"><\/td>\n<\/tr>\n<tr>\n<td width=\"196\"><strong>Septiembre\u00a02018<\/strong><\/td>\n<td width=\"196\"><\/td>\n<td width=\"196\"><\/td>\n<\/tr>\n<tr>\n<td width=\"196\"><a href=\"http:\/\/algoritmos.victorgarro.com\/verano\/7dic\/\">Practica C++<\/a><\/td>\n<td width=\"196\"><a href=\"http:\/\/algoritmos.victorgarro.com\/verano\/7dic\/\">Teor\u00eda<\/a><\/td>\n<td width=\"196\"><\/td>\n<\/tr>\n<tr>\n<td width=\"196\"><\/td>\n<td width=\"196\"><\/td>\n<td width=\"196\"><\/td>\n<\/tr>\n<tr>\n<td width=\"196\"><strong>Septiembre\u00a02018<\/strong><\/td>\n<td width=\"196\"><\/td>\n<td width=\"196\"><\/td>\n<\/tr>\n<tr>\n<td width=\"196\"><a href=\"http:\/\/algoritmos.victorgarro.com\/verano\/12dic\/Laboratorio3.docx\">Laboratorio 3<\/a><\/td>\n<td width=\"196\"><a href=\"http:\/\/algoritmos.victorgarro.com\/verano\/12dic\/Teoria.docx\">Teor\u00eda<\/a><\/td>\n<td width=\"196\"><\/td>\n<\/tr>\n<tr>\n<td width=\"196\"><\/td>\n<td width=\"196\"><\/td>\n<td width=\"196\"><\/td>\n<\/tr>\n<tr>\n<td width=\"196\"><strong>Septiembre\u00a02018<\/strong><\/td>\n<td width=\"196\"><\/td>\n<td width=\"196\"><\/td>\n<\/tr>\n<tr>\n<td width=\"196\"><a href=\"http:\/\/algoritmos.victorgarro.com\/verano\/13dic\/Laboratorio3B.docx\">Laboratorio 3B<\/a><\/td>\n<td width=\"196\"><a href=\"http:\/\/algoritmos.victorgarro.com\/verano\/13dic\/Teoria.docx\">Teor\u00eda<\/a><\/td>\n<td width=\"196\"><\/td>\n<\/tr>\n<tr>\n<td width=\"196\"><\/td>\n<td width=\"196\"><\/td>\n<td width=\"196\"><\/td>\n<\/tr>\n<tr>\n<td width=\"196\"><strong>Septiembre\u00a02018<\/strong><\/td>\n<td width=\"196\"><\/td>\n<td width=\"196\"><\/td>\n<\/tr>\n<tr>\n<td width=\"196\"><a href=\"http:\/\/algoritmos.victorgarro.com\/verano\/14dic\/Laboratorio-4Punteros.doc\">Laboratorio 4 Punteros<\/a><\/td>\n<td width=\"196\"><a href=\"http:\/\/algoritmos.victorgarro.com\/verano\/14dic\/OtrosPunteros.cpp\">Otros Punteros<\/a><\/td>\n<td width=\"196\"><a href=\"http:\/\/algoritmos.victorgarro.com\/verano\/14dic\/Teoria.docx\">Teor\u00eda<\/a><\/td>\n<\/tr>\n<tr>\n<td width=\"196\"><\/td>\n<td width=\"196\"><\/td>\n<td width=\"196\"><\/td>\n<\/tr>\n<tr>\n<td width=\"196\"><strong>Octubre\u00a02018<\/strong><\/td>\n<td width=\"196\"><\/td>\n<td width=\"196\"><\/td>\n<\/tr>\n<tr>\n<td width=\"196\"><a href=\"http:\/\/algoritmos.victorgarro.com\/verano\/19dic\/Practicaestructurasdinamicas.docx\">Practica estructuras din\u00e1micas<\/a><\/td>\n<td width=\"196\"><a href=\"http:\/\/algoritmos.victorgarro.com\/verano\/19dic\/Teoria.docx\">Teor\u00eda<\/a><\/td>\n<td width=\"196\"><\/td>\n<\/tr>\n<tr>\n<td width=\"196\"><\/td>\n<td width=\"196\"><\/td>\n<td width=\"196\"><\/td>\n<\/tr>\n<tr>\n<td width=\"196\"><strong>Octubre 2018<\/strong><\/td>\n<td width=\"196\"><\/td>\n<td width=\"196\"><\/td>\n<\/tr>\n<tr>\n<td width=\"196\"><a href=\"http:\/\/algoritmos.victorgarro.com\/verano\/20dic\/instructivo-Padron.docx\">Instructivo Padr\u00f3n<\/a><\/td>\n<td width=\"196\"><a href=\"http:\/\/algoritmos.victorgarro.com\/verano\/20dic\/Laboratorio5.docx\">Laboratorio 5<\/a><\/td>\n<td width=\"196\"><a href=\"http:\/\/algoritmos.victorgarro.com\/verano\/20dic\/Teoria.docx\">Teor\u00eda<\/a><\/td>\n<\/tr>\n<tr>\n<td width=\"196\"><\/td>\n<td width=\"196\"><\/td>\n<td width=\"196\"><\/td>\n<\/tr>\n<tr>\n<td width=\"196\"><strong>Octubre 2018<\/strong><\/td>\n<td width=\"196\"><\/td>\n<td width=\"196\"><\/td>\n<\/tr>\n<tr>\n<td width=\"196\"><a href=\"http:\/\/algoritmos.victorgarro.com\/verano\/21dic\/Laboratorio-5B.docx\">Laboratorio 5B<\/a><\/td>\n<td width=\"196\"><a href=\"http:\/\/algoritmos.victorgarro.com\/verano\/21dic\/PilaCola.cpp\">PilaCola<\/a><\/td>\n<td width=\"196\"><a href=\"http:\/\/algoritmos.victorgarro.com\/verano\/21dic\/Teoria.docx\">Teor\u00eda<\/a><\/td>\n<\/tr>\n<tr>\n<td width=\"196\"><\/td>\n<td width=\"196\"><\/td>\n<td width=\"196\"><\/td>\n<\/tr>\n<tr>\n<td width=\"196\"><strong>Octubre 2018<\/strong><\/td>\n<td width=\"196\"><\/td>\n<td width=\"196\"><\/td>\n<\/tr>\n<tr>\n<td width=\"196\"><a href=\"http:\/\/algoritmos.victorgarro.com\/verano\/9ene\/Laboratorio7.docx\">Laboratorio7<\/a><\/td>\n<td width=\"196\"><a href=\"http:\/\/algoritmos.victorgarro.com\/verano\/9ene\/Teoria.docx\">Teor\u00eda<\/a><\/td>\n<td width=\"196\"><a href=\"http:\/\/algoritmos.victorgarro.com\/verano\/9ene\/Arbol_Binario_Busqueda.cpp\">Arbol_Binario_Busqueda<\/a><\/td>\n<\/tr>\n<tr>\n<td width=\"196\"><a href=\"http:\/\/algoritmos.victorgarro.com\/verano\/9ene\/factorial_ciclo.cpp\">factorial_ciclo<\/a><\/td>\n<td width=\"196\"><a href=\"http:\/\/algoritmos.victorgarro.com\/verano\/9ene\/factorial_recursivo.cpp\">factorial_recursivo<\/a><\/td>\n<td width=\"196\"><a href=\"http:\/\/algoritmos.victorgarro.com\/verano\/9ene\/Secuencia_Fibonacci.cpp\">Secuencia_Fibonacci<\/a><\/td>\n<\/tr>\n<tr>\n<td width=\"196\"><a href=\"http:\/\/algoritmos.victorgarro.com\/verano\/9ene\/Torres_Hanoi.cpp\">Torres_Hanoi<\/a><\/td>\n<td width=\"196\"><\/td>\n<td width=\"196\"><\/td>\n<\/tr>\n<tr>\n<td width=\"196\"><\/td>\n<td width=\"196\"><\/td>\n<td width=\"196\"><\/td>\n<\/tr>\n<tr>\n<td width=\"196\"><strong>Noviembre\u00a02018<\/strong><\/td>\n<td width=\"196\"><\/td>\n<td width=\"196\"><\/td>\n<\/tr>\n<tr>\n<td width=\"196\"><a href=\"http:\/\/algoritmos.victorgarro.com\/verano\/10ene\/Laboratorio8.docx\">Laboratorio 8<\/a><\/td>\n<td width=\"196\"><a href=\"http:\/\/algoritmos.victorgarro.com\/verano\/10ene\/Materialadicional.docx\">Material adicional<\/a><\/td>\n<td width=\"196\"><a href=\"http:\/\/algoritmos.victorgarro.com\/verano\/10ene\/Teoria.docx\">Teor\u00eda<\/a><\/td>\n<\/tr>\n<tr>\n<td width=\"196\"><\/td>\n<td width=\"196\"><\/td>\n<td width=\"196\"><\/td>\n<\/tr>\n<tr>\n<td width=\"196\"><strong>Noviembre\u00a02018<\/strong><\/td>\n<td width=\"196\"><\/td>\n<td width=\"196\"><\/td>\n<\/tr>\n<tr>\n<td width=\"196\"><a href=\"http:\/\/algoritmos.victorgarro.com\/verano\/11ene\/Laboratorio 9.docx\">Laboratorio 9<\/a><\/td>\n<td width=\"196\"><a href=\"http:\/\/algoritmos.victorgarro.com\/verano\/11ene\/Materialadicional.docx\">Material adicional<\/a><\/td>\n<td width=\"196\"><a href=\"http:\/\/algoritmos.victorgarro.com\/verano\/11ene\/Teoria.docx\">Teor\u00eda<\/a><\/td>\n<\/tr>\n<tr>\n<td width=\"196\"><a href=\"http:\/\/algoritmos.victorgarro.com\/verano\/11ene\/Bits[1].cpp\">Bits[1]<\/a><\/td>\n<td width=\"196\"><a href=\"http:\/\/algoritmos.victorgarro.com\/verano\/11ene\/Ejemplos-Bits[1].jpg\">Ejemplos-Bits[1]<\/a><\/td>\n<td width=\"196\"><a href=\"http:\/\/algoritmos.victorgarro.com\/verano\/11ene\/huffman[1].pdf\">huffman[1]<\/a><\/td>\n<\/tr>\n<tr>\n<td width=\"196\"><\/td>\n<td width=\"196\"><\/td>\n<td width=\"196\"><\/td>\n<\/tr>\n<tr>\n<td width=\"196\"><strong>Noviembre\u00a02018<\/strong><\/td>\n<td width=\"196\"><\/td>\n<td width=\"196\"><\/td>\n<\/tr>\n<tr>\n<td width=\"196\"><a href=\"http:\/\/algoritmos.victorgarro.com\/verano\/16ene\/Laboratorio10.docx\">Laboratorio10<\/a><\/td>\n<td width=\"196\"><a href=\"http:\/\/algoritmos.victorgarro.com\/verano\/16ene\/Teoria.docx\">Teor\u00eda<\/a><\/td>\n<td width=\"196\"><a href=\"http:\/\/algoritmos.victorgarro.com\/verano\/16ene\/Orenamientos-2014.pptx\">Ordenamientos-2014<\/a><\/td>\n<\/tr>\n<tr>\n<td width=\"196\"><\/td>\n<td width=\"196\"><\/td>\n<td width=\"196\"><\/td>\n<\/tr>\n<tr>\n<td width=\"196\"><strong>Noviembre\u00a02018<\/strong><\/td>\n<td width=\"196\"><\/td>\n<td width=\"196\"><\/td>\n<\/tr>\n<tr>\n<td width=\"196\"><a href=\"http:\/\/algoritmos.victorgarro.com\/verano\/17ene\/GrafosSlidespq2.ppt\">GrafosSlidespq2<\/a><\/td>\n<td width=\"196\"><a href=\"http:\/\/algoritmos.victorgarro.com\/verano\/17ene\/Laboratorio11.docx\">Laboratorio11<\/a><\/td>\n<td width=\"196\"><a href=\"http:\/\/algoritmos.victorgarro.com\/verano\/17ene\/Materialadicional.docx\">Materialadicional<\/a><\/td>\n<\/tr>\n<tr>\n<td width=\"196\"><a href=\"http:\/\/algoritmos.victorgarro.com\/verano\/17ene\/PracticaGrafos.pdf\">PracticaGrafos<\/a><\/td>\n<td width=\"196\"><a href=\"http:\/\/algoritmos.victorgarro.com\/verano\/17ene\/Teoria.docx\">Teoria<\/a><\/td>\n<td width=\"196\"><\/td>\n<\/tr>\n<tr>\n<td width=\"196\"><\/td>\n<td width=\"196\"><\/td>\n<td width=\"196\"><\/td>\n<\/tr>\n<tr>\n<td width=\"196\"><\/td>\n<td width=\"196\"><\/td>\n<td width=\"196\"><\/td>\n<\/tr>\n<tr>\n<td width=\"196\"><\/td>\n<td width=\"196\"><\/td>\n<td width=\"196\"><\/td>\n<\/tr>\n<tr>\n<td colspan=\"3\" width=\"196\"><strong>Materiales Complementarios<\/strong><\/td>\n<\/tr>\n<tr>\n<td width=\"196\"><a href=\"http:\/\/algoritmos.victorgarro.com\/verano\/MatComple\/PracticaGrafos.pdf\">Practica Grafos<\/a><\/td>\n<td width=\"196\"><a href=\"http:\/\/algoritmos.victorgarro.com\/verano\/MatComple\/huffman[1].pdf\">Huffman<\/a><\/td>\n<td width=\"196\"><a href=\"http:\/\/algoritmos.victorgarro.com\/verano\/MatComple\/GrafosSlidespq2.ppt\">Grafos<\/a><\/td>\n<\/tr>\n<tr>\n<td width=\"196\"><a href=\"http:\/\/algoritmos.victorgarro.com\/verano\/MatComple\/Ejemplos-Bits[1].jpg\">Ejemplos Bits<\/a><\/td>\n<td width=\"196\"><a href=\"http:\/\/algoritmos.victorgarro.com\/verano\/MatComple\/Orenamientos-2014[1][1].pptx\">Ordenamientos<\/a><\/td>\n<td width=\"196\"><\/td>\n<\/tr>\n<\/tbody>\n<\/table>\n","protected":false},"excerpt":{"rendered":"<p>Agosto 2018 Ejemplos Python Laboratorio 1A Laboratorio1B Teor\u00eda Agosto\u00a02018 Laboratorio 1B Teor\u00eda Septiembre\u00a02018 Practica C++ Teor\u00eda Septiembre\u00a02018 Laboratorio 3 Teor\u00eda Septiembre\u00a02018 Laboratorio 3B Teor\u00eda Septiembre\u00a02018 Laboratorio 4 Punteros Otros Punteros Teor\u00eda Octubre\u00a02018 Practica estructuras din\u00e1micas Teor\u00eda Octubre 2018 Instructivo Padr\u00f3n Laboratorio 5 Teor\u00eda Octubre 2018 Laboratorio 5B PilaCola Teor\u00eda Octubre 2018 Laboratorio7 Teor\u00eda Arbol_Binario_Busqueda factorial_ciclo factorial_recursivo Secuencia_Fibonacci Torres_Hanoi Noviembre\u00a02018 Laboratorio 8 Material adicional Teor\u00eda Noviembre\u00a02018 Laboratorio 9 Material adicional Teor\u00eda Bits[1] Ejemplos-Bits[1] huffman[1] Noviembre\u00a02018 Laboratorio10 Teor\u00eda Ordenamientos-2014 Noviembre\u00a02018 GrafosSlidespq2 Laboratorio11 Materialadicional PracticaGrafos Teoria Materiales Complementarios Practica Grafos Huffman Grafos Ejemplos Bits Ordenamientos<a class=\"more-link\" href=\"https:\/\/algoritmos.victorgarro.com\/index.php\/casos-de-laboratorio-isem\/\">Read More &rarr;<\/a><\/p>\n","protected":false},"author":1,"featured_media":0,"parent":0,"menu_order":0,"comment_status":"closed","ping_status":"closed","template":"","meta":{"footnotes":""},"class_list":["entry","page","publish","author-erubi","post-213"],"_links":{"self":[{"href":"https:\/\/algoritmos.victorgarro.com\/index.php\/wp-json\/wp\/v2\/pages\/213","targetHints":{"allow":["GET"]}}],"collection":[{"href":"https:\/\/algoritmos.victorgarro.com\/index.php\/wp-json\/wp\/v2\/pages"}],"about":[{"href":"https:\/\/algoritmos.victorgarro.com\/index.php\/wp-json\/wp\/v2\/types\/page"}],"author":[{"embeddable":true,"href":"https:\/\/algoritmos.victorgarro.com\/index.php\/wp-json\/wp\/v2\/users\/1"}],"replies":[{"embeddable":true,"href":"https:\/\/algoritmos.victorgarro.com\/index.php\/wp-json\/wp\/v2\/comments?post=213"}],"version-history":[{"count":9,"href":"https:\/\/algoritmos.victorgarro.com\/index.php\/wp-json\/wp\/v2\/pages\/213\/revisions"}],"predecessor-version":[{"id":267,"href":"https:\/\/algoritmos.victorgarro.com\/index.php\/wp-json\/wp\/v2\/pages\/213\/revisions\/267"}],"wp:attachment":[{"href":"https:\/\/algoritmos.victorgarro.com\/index.php\/wp-json\/wp\/v2\/media?parent=213"}],"curies":[{"name":"wp","href":"https:\/\/api.w.org\/{rel}","templated":true}]}}