{"id":22,"date":"2015-08-06T22:49:11","date_gmt":"2015-08-06T22:49:11","guid":{"rendered":"http:\/\/algoritmos.victorgarro.com\/?page_id=22"},"modified":"2016-03-08T17:42:37","modified_gmt":"2016-03-08T17:42:37","slug":"grafos","status":"publish","type":"page","link":"https:\/\/algoritmos.victorgarro.com\/index.php\/grafos\/","title":{"rendered":"Grafos"},"content":{"rendered":"<p>Referencia de concepto de grafo, las distintas partes de un grafo, el grafo dirigido y no dirigido, tipos de grafo, ejemplos de implementaci\u00f3n de grafos<\/p>\n<p><a href=\"http:\/\/algoritmos.victorgarro.com\/grafos\/Grafos1.htm\" target=\"_blank\">Grafos (Conceptos Grafos)<\/a><\/p>\n<p><a href=\"http:\/\/algoritmos.victorgarro.com\/grafos\/Grafos2.htm\" target=\"_blank\">Grafos (T\u00e9cnicas B\u00e1sicas de B\u00fasquedas)<\/a><\/p>\n<p><a href=\"http:\/\/algoritmos.victorgarro.com\/grafos\/Grafos3.htm\" target=\"_blank\">Grafos (Representaci\u00f3n de Grafos)<\/a><\/p>\n<p>Documento Complementario:\u00a0<a href=\"http:\/\/algoritmos.victorgarro.com\/grafos\/Grafos.htm\" target=\"_blank\">Grafos<\/a><\/p>\n<p>Documento Complementario:\u00a0<a href=\"http:\/\/algoritmos.victorgarro.com\/grafos\/sld001.htm\" target=\"_blank\">Estructura de Datos: Grafos<\/a><\/p>\n","protected":false},"excerpt":{"rendered":"<p>Referencia de concepto de grafo, las distintas partes de un grafo, el grafo dirigido y no dirigido, tipos de grafo, ejemplos de implementaci\u00f3n de grafos Grafos (Conceptos Grafos) Grafos (T\u00e9cnicas B\u00e1sicas de B\u00fasquedas) Grafos (Representaci\u00f3n de Grafos) Documento Complementario:\u00a0Grafos Documento Complementario:\u00a0Estructura de Datos: Grafos<a class=\"more-link\" href=\"https:\/\/algoritmos.victorgarro.com\/index.php\/grafos\/\">Read More &rarr;<\/a><\/p>\n","protected":false},"author":2,"featured_media":0,"parent":0,"menu_order":0,"comment_status":"closed","ping_status":"closed","template":"","meta":{"footnotes":""},"class_list":["entry","page","publish","author-vgarro","post-22"],"_links":{"self":[{"href":"https:\/\/algoritmos.victorgarro.com\/index.php\/wp-json\/wp\/v2\/pages\/22","targetHints":{"allow":["GET"]}}],"collection":[{"href":"https:\/\/algoritmos.victorgarro.com\/index.php\/wp-json\/wp\/v2\/pages"}],"about":[{"href":"https:\/\/algoritmos.victorgarro.com\/index.php\/wp-json\/wp\/v2\/types\/page"}],"author":[{"embeddable":true,"href":"https:\/\/algoritmos.victorgarro.com\/index.php\/wp-json\/wp\/v2\/users\/2"}],"replies":[{"embeddable":true,"href":"https:\/\/algoritmos.victorgarro.com\/index.php\/wp-json\/wp\/v2\/comments?post=22"}],"version-history":[{"count":4,"href":"https:\/\/algoritmos.victorgarro.com\/index.php\/wp-json\/wp\/v2\/pages\/22\/revisions"}],"predecessor-version":[{"id":292,"href":"https:\/\/algoritmos.victorgarro.com\/index.php\/wp-json\/wp\/v2\/pages\/22\/revisions\/292"}],"wp:attachment":[{"href":"https:\/\/algoritmos.victorgarro.com\/index.php\/wp-json\/wp\/v2\/media?parent=22"}],"curies":[{"name":"wp","href":"https:\/\/api.w.org\/{rel}","templated":true}]}}