{"id":26,"date":"2015-08-06T22:51:03","date_gmt":"2015-08-06T22:51:03","guid":{"rendered":"http:\/\/algoritmos.victorgarro.com\/?page_id=26"},"modified":"2016-03-08T17:41:02","modified_gmt":"2016-03-08T17:41:02","slug":"ejercicios-varios","status":"publish","type":"page","link":"https:\/\/algoritmos.victorgarro.com\/index.php\/ejercicios-varios\/","title":{"rendered":"Ejercicios Varios"},"content":{"rendered":"<p>Tutorial de C++<\/p>\n<p>Ejercicios de los distintos temas<\/p>\n<p><a href=\"http:\/\/algoritmos.victorgarro.com\/tutorialC\/fundamentosp_content.html\">Fundamentos en C++<\/a><\/p>\n<p><a href=\"http:\/\/algoritmos.victorgarro.com\/tutorialC\/tdap_content.html\">Tipos de Datos Abstractos<\/a><\/p>\n<p><a href=\"http:\/\/algoritmos.victorgarro.com\/tutorialC\/estaticasp_content.html\">Estruturas Est\u00e1ticas<\/a><\/p>\n<p><a href=\"http:\/\/algoritmos.victorgarro.com\/tutorialC\/punteros_content.html\">Punteros<\/a><\/p>\n<p><a href=\"http:\/\/algoritmos.victorgarro.com\/tutorialC\/dinamicasp_content.html\">Estructuras Din\u00e1micas<\/a><\/p>\n<p><a href=\"http:\/\/algoritmos.victorgarro.com\/tutorialC\/recursionp_content.html\">Recursi\u00f3n<\/a><\/p>\n<p><a href=\"http:\/\/algoritmos.victorgarro.com\/tutorialC\/grafosp_content.html\">Grafos<\/a><\/p>\n<p>Pr\u00e1ctica completa:\u00a0<a href=\"http:\/\/algoritmos.victorgarro.com\/ejercicios\/general.pdf\">general.pdf<\/a><\/p>\n","protected":false},"excerpt":{"rendered":"<p>Tutorial de C++ Ejercicios de los distintos temas Fundamentos en C++ Tipos de Datos Abstractos Estruturas Est\u00e1ticas Punteros Estructuras Din\u00e1micas Recursi\u00f3n Grafos Pr\u00e1ctica completa:\u00a0general.pdf<a class=\"more-link\" href=\"https:\/\/algoritmos.victorgarro.com\/index.php\/ejercicios-varios\/\">Read More &rarr;<\/a><\/p>\n","protected":false},"author":2,"featured_media":0,"parent":0,"menu_order":0,"comment_status":"closed","ping_status":"closed","template":"","meta":{"footnotes":""},"class_list":["entry","page","publish","author-vgarro","post-26"],"_links":{"self":[{"href":"https:\/\/algoritmos.victorgarro.com\/index.php\/wp-json\/wp\/v2\/pages\/26","targetHints":{"allow":["GET"]}}],"collection":[{"href":"https:\/\/algoritmos.victorgarro.com\/index.php\/wp-json\/wp\/v2\/pages"}],"about":[{"href":"https:\/\/algoritmos.victorgarro.com\/index.php\/wp-json\/wp\/v2\/types\/page"}],"author":[{"embeddable":true,"href":"https:\/\/algoritmos.victorgarro.com\/index.php\/wp-json\/wp\/v2\/users\/2"}],"replies":[{"embeddable":true,"href":"https:\/\/algoritmos.victorgarro.com\/index.php\/wp-json\/wp\/v2\/comments?post=26"}],"version-history":[{"count":2,"href":"https:\/\/algoritmos.victorgarro.com\/index.php\/wp-json\/wp\/v2\/pages\/26\/revisions"}],"predecessor-version":[{"id":151,"href":"https:\/\/algoritmos.victorgarro.com\/index.php\/wp-json\/wp\/v2\/pages\/26\/revisions\/151"}],"wp:attachment":[{"href":"https:\/\/algoritmos.victorgarro.com\/index.php\/wp-json\/wp\/v2\/media?parent=26"}],"curies":[{"name":"wp","href":"https:\/\/api.w.org\/{rel}","templated":true}]}}