{"id":28,"date":"2015-08-06T22:51:47","date_gmt":"2015-08-06T22:51:47","guid":{"rendered":"http:\/\/algoritmos.victorgarro.com\/?page_id=28"},"modified":"2016-03-08T17:39:49","modified_gmt":"2016-03-08T17:39:49","slug":"ejemplos-en-c","status":"publish","type":"page","link":"https:\/\/algoritmos.victorgarro.com\/index.php\/ejemplos-en-c\/","title":{"rendered":"Ejemplos en C++"},"content":{"rendered":"<p>C\u00f3digos Fuente de ejercicios resueltos en el lenguaje C++<\/p>\n<p><a href=\"http:\/\/algoritmos.victorgarro.com\/EjemplosAlgoritmos\/Fundamentos.rar\" target=\"_blank\">Fundamentos de C++ (.rar)<\/a><\/p>\n<p><a href=\"http:\/\/algoritmos.victorgarro.com\/EjemplosAlgoritmos\/Estaticas.rar\" target=\"_blank\">Estructuras Est\u00e1ticas (.rar)<\/a><\/p>\n<p><a href=\"http:\/\/algoritmos.victorgarro.com\/EjemplosAlgoritmos\/Mem%20Estatica.rar\" target=\"_blank\">Memoria Est\u00e1tica (.rar)(Arreglos)<\/a><\/p>\n<p><a href=\"http:\/\/algoritmos.victorgarro.com\/EjemplosAlgoritmos\/Punteros.rar\" target=\"_blank\">Punteros (.rar)<\/a><\/p>\n<p><a href=\"http:\/\/algoritmos.victorgarro.com\/EjemplosAlgoritmos\/Mem%20Dinamica.rar\" target=\"_blank\">Memoria Dinamica (.rar)<\/a><\/p>\n<p><a href=\"http:\/\/algoritmos.victorgarro.com\/EjemplosAlgoritmos\/Lista%20Lineal.rar\" target=\"_blank\">Memoria Dinamica (.rar)( Listas Lineales )<\/a><\/p>\n<p><a href=\"http:\/\/algoritmos.victorgarro.com\/EjemplosAlgoritmos\/Arboles.rar\" target=\"_blank\">Arboles (.rar)<\/a><\/p>\n<p><a href=\"http:\/\/algoritmos.victorgarro.com\/EjemplosAlgoritmos\/Ordenamientos.rar\" target=\"_blank\">Ordenamientos de datos (.rar)<\/a><\/p>\n<p><a href=\"http:\/\/algoritmos.victorgarro.com\/EjemplosAlgoritmos\/MECATANK.zip\" target=\"_blank\">Juego: Mecatank (.zip)(Autor: Allan Orozco)<\/a><\/p>\n","protected":false},"excerpt":{"rendered":"<p>C\u00f3digos Fuente de ejercicios resueltos en el lenguaje C++ Fundamentos de C++ (.rar) Estructuras Est\u00e1ticas (.rar) Memoria Est\u00e1tica (.rar)(Arreglos) Punteros (.rar) Memoria Dinamica (.rar) Memoria Dinamica (.rar)( Listas Lineales ) Arboles (.rar) Ordenamientos de datos (.rar) Juego: Mecatank (.zip)(Autor: Allan Orozco)<a class=\"more-link\" href=\"https:\/\/algoritmos.victorgarro.com\/index.php\/ejemplos-en-c\/\">Read More &rarr;<\/a><\/p>\n","protected":false},"author":2,"featured_media":0,"parent":0,"menu_order":0,"comment_status":"closed","ping_status":"closed","template":"","meta":{"footnotes":""},"class_list":["entry","page","publish","author-vgarro","post-28"],"_links":{"self":[{"href":"https:\/\/algoritmos.victorgarro.com\/index.php\/wp-json\/wp\/v2\/pages\/28","targetHints":{"allow":["GET"]}}],"collection":[{"href":"https:\/\/algoritmos.victorgarro.com\/index.php\/wp-json\/wp\/v2\/pages"}],"about":[{"href":"https:\/\/algoritmos.victorgarro.com\/index.php\/wp-json\/wp\/v2\/types\/page"}],"author":[{"embeddable":true,"href":"https:\/\/algoritmos.victorgarro.com\/index.php\/wp-json\/wp\/v2\/users\/2"}],"replies":[{"embeddable":true,"href":"https:\/\/algoritmos.victorgarro.com\/index.php\/wp-json\/wp\/v2\/comments?post=28"}],"version-history":[{"count":4,"href":"https:\/\/algoritmos.victorgarro.com\/index.php\/wp-json\/wp\/v2\/pages\/28\/revisions"}],"predecessor-version":[{"id":148,"href":"https:\/\/algoritmos.victorgarro.com\/index.php\/wp-json\/wp\/v2\/pages\/28\/revisions\/148"}],"wp:attachment":[{"href":"https:\/\/algoritmos.victorgarro.com\/index.php\/wp-json\/wp\/v2\/media?parent=28"}],"curies":[{"name":"wp","href":"https:\/\/api.w.org\/{rel}","templated":true}]}}