{"id":8,"date":"2015-08-06T22:38:01","date_gmt":"2015-08-06T22:38:01","guid":{"rendered":"http:\/\/algoritmos.victorgarro.com\/?page_id=8"},"modified":"2016-03-08T17:42:06","modified_gmt":"2016-03-08T17:42:06","slug":"fundamentos-c","status":"publish","type":"page","link":"https:\/\/algoritmos.victorgarro.com\/index.php\/fundamentos-c\/","title":{"rendered":"Fundamentos C++"},"content":{"rendered":"<p>Referencia sobre la estrucutra de un programa, bases del lenguaje, entrada y salida de texto, estatutos de selecci\u00f3n, archivos de entrada y salida y principios de programaci\u00f3n en C y C++<\/p>\n<p>Objetivo del Tema : Conocer los fundamentos principales de la programaci\u00f3n en C\/C++<\/p>\n<p><a href=\"http:\/\/algoritmos.victorgarro.com\/lenguaje\/AlgortimosC1-0.htm\" target=\"_blank\">Programaci\u00f3n en C++ (Capitulo 0: El Sistema de Computo)<\/a><\/p>\n<p><a href=\"http:\/\/algoritmos.victorgarro.com\/lenguaje\/AlgoritmosC1-1.htm\" target=\"_blank\">Programaci\u00f3n en C++ (Capitulo 1: Conceptos B\u00e1sicos de Programaci\u00f3n)<\/a><\/p>\n<p><a href=\"http:\/\/algoritmos.victorgarro.com\/lenguaje\/AlgoritmosC1-2.htm\" target=\"_blank\">Programaci\u00f3n en C++ (Capitulo 2: Componentes Iniciales)<\/a><\/p>\n<p><a href=\"http:\/\/algoritmos.victorgarro.com\/lenguaje\/AlgoritmosC1-3.htm\" target=\"_blank\">Programaci\u00f3n en C++ (Capitulo 3: Operadores de Entradas y Salidas)<\/a><\/p>\n<p><a href=\"http:\/\/algoritmos.victorgarro.com\/lenguaje\/AlgoritmosC1-4.htm\" target=\"_blank\">Programaci\u00f3n en C++ (Capitulo 4: Expresiones Matem\u00e1ticas)<\/a><\/p>\n<p><a href=\"http:\/\/algoritmos.victorgarro.com\/lenguaje\/AlgoritmosC1-5.htm\" target=\"_blank\">Programaci\u00f3n en C++ (Capitulo 5: Introducci\u00f3n a las Sentencias de Control)<\/a><\/p>\n<p><a href=\"http:\/\/algoritmos.victorgarro.com\/lenguaje\/AlgortimosC1-6.htm\" target=\"_blank\">Programaci\u00f3n en C++ (Capitulo 6: Operadores B\u00e1sicos)<\/a><\/p>\n<p><a href=\"http:\/\/algoritmos.victorgarro.com\/lenguaje\/AlgortimosC1-7.htm\" target=\"_blank\">Programaci\u00f3n en C++ (Capitulo 7: Librer\u00edas y Programas Ejecutables)<\/a><\/p>\n<p><a href=\"http:\/\/algoritmos.victorgarro.com\/lenguaje\/AlgoritmosC1-8.htm\" target=\"_blank\">Programaci\u00f3n en C++ (Capitulo 8: M\u00e9todos y Funciones)<\/a><\/p>\n<p><a href=\"http:\/\/algoritmos.victorgarro.com\/lenguaje\/AlgortimosC1-9.htm\" target=\"_blank\">Programaci\u00f3n en C++ (Capitulo 9: Otros Tipos de Datos)<\/a><\/p>\n<p><a href=\"http:\/\/algoritmos.victorgarro.com\/lenguaje\/AlgortimosC1-10.htm\" target=\"_blank\">Programaci\u00f3n en C++ (Capitulo 10: Manejo de Archivos)<\/a><\/p>\n<p><a href=\"http:\/\/algoritmos.victorgarro.com\/lenguaje\/AlgortimosC1-11.htm\" target=\"_blank\">Programaci\u00f3n en C++ (Capitulo 11: Herencia y Jerarqu\u00eda de Clases)<\/a><\/p>\n<p><a href=\"http:\/\/algoritmos.victorgarro.com\/lenguaje\/AlgortimosC1-12.htm\" target=\"_blank\">Programaci\u00f3n en C++ (Capitulo 12: Las Clases en Visual C)<\/a><\/p>\n<p>Documento Complementario:\u00a0<a href=\"http:\/\/algoritmos.victorgarro.com\/lenguaje\/cap000.htm\" target=\"_blank\">Curso de C++<\/a><\/p>\n","protected":false},"excerpt":{"rendered":"<p>Referencia sobre la estrucutra de un programa, bases del lenguaje, entrada y salida de texto, estatutos de selecci\u00f3n, archivos de entrada y salida y principios de programaci\u00f3n en C y C++ Objetivo del Tema : Conocer los fundamentos principales de la programaci\u00f3n en C\/C++ Programaci\u00f3n en C++ (Capitulo 0: El Sistema de Computo) Programaci\u00f3n en C++ (Capitulo 1: Conceptos B\u00e1sicos de Programaci\u00f3n) Programaci\u00f3n en C++ (Capitulo 2: Componentes Iniciales) Programaci\u00f3n en C++ (Capitulo 3: Operadores de Entradas y Salidas) Programaci\u00f3n en C++ (Capitulo 4: Expresiones Matem\u00e1ticas) Programaci\u00f3n en C++ (Capitulo 5: Introducci\u00f3n a las Sentencias de Control) Programaci\u00f3n en C++ (Capitulo 6: Operadores B\u00e1sicos) Programaci\u00f3n<a class=\"more-link\" href=\"https:\/\/algoritmos.victorgarro.com\/index.php\/fundamentos-c\/\">Read More &rarr;<\/a><\/p>\n","protected":false},"author":2,"featured_media":0,"parent":0,"menu_order":0,"comment_status":"closed","ping_status":"closed","template":"","meta":{"footnotes":""},"class_list":["entry","page","publish","author-vgarro","post-8"],"_links":{"self":[{"href":"https:\/\/algoritmos.victorgarro.com\/index.php\/wp-json\/wp\/v2\/pages\/8","targetHints":{"allow":["GET"]}}],"collection":[{"href":"https:\/\/algoritmos.victorgarro.com\/index.php\/wp-json\/wp\/v2\/pages"}],"about":[{"href":"https:\/\/algoritmos.victorgarro.com\/index.php\/wp-json\/wp\/v2\/types\/page"}],"author":[{"embeddable":true,"href":"https:\/\/algoritmos.victorgarro.com\/index.php\/wp-json\/wp\/v2\/users\/2"}],"replies":[{"embeddable":true,"href":"https:\/\/algoritmos.victorgarro.com\/index.php\/wp-json\/wp\/v2\/comments?post=8"}],"version-history":[{"count":3,"href":"https:\/\/algoritmos.victorgarro.com\/index.php\/wp-json\/wp\/v2\/pages\/8\/revisions"}],"predecessor-version":[{"id":153,"href":"https:\/\/algoritmos.victorgarro.com\/index.php\/wp-json\/wp\/v2\/pages\/8\/revisions\/153"}],"wp:attachment":[{"href":"https:\/\/algoritmos.victorgarro.com\/index.php\/wp-json\/wp\/v2\/media?parent=8"}],"curies":[{"name":"wp","href":"https:\/\/api.w.org\/{rel}","templated":true}]}}